{"id":406,"date":"2021-05-31T07:18:12","date_gmt":"2021-05-31T12:18:12","guid":{"rendered":"https:\/\/mggl.org\/?page_id=406"},"modified":"2021-05-31T12:19:41","modified_gmt":"2021-05-31T17:19:41","slug":"aviso-de-privacidad","status":"publish","type":"page","link":"https:\/\/www.mggl.com.mx\/eng\/aviso-de-privacidad\/","title":{"rendered":"Aviso de Privacidad"},"content":{"rendered":"<p><strong>Por favor, lea cuidadosamente los t\u00e9rminos siguientes antes de compartir cualquier dato o informaci\u00f3n con nosotros.<\/strong><\/p>\n\n\n\n<p>\u200bDe conformidad con lo establecido por la Ley Federal de Protecci\u00f3n de Datos Personales en Posesi\u00f3n de los Particulares (en adelante \u201cLey de Protecci\u00f3n de Datos\u201d), su Reglamento, y con el fin de garantizar la privacidad y el derecho a la autodeterminaci\u00f3n de los usuarios del sitio web&nbsp;<object height=\"0\">&nbsp;(en adelante, \u201cSitio web\u201d), nuestros clientes y\/o de las personas que previo su consentimiento y de manera voluntaria hayan decidido compartir con nosotros sus datos personales, informamos lo siguiente: Identidad y domicilio del responsable Marv\u00e1n, Gonz\u00e1lez Graf y Gonz\u00e1lez Larrazolo, S.C. (en adelante \u201cMGGL\u201d), con domicilio en Av. Insurgentes Sur 730 Piso 12, Col Del Valle en la Ciudad de M\u00e9xico, M\u00e9xico con C.P. 03100, Del. Benito Ju\u00e1rez, ser\u00e1 responsable del tratamiento, uso, almacenamiento y divulgaci\u00f3n de sus datos personales. MGGL podr\u00e1 recabar los siguientes datos personales: (i) nombre, (ii) domicilio de contacto, (iii) compa\u00f1\u00eda y cargo que ocupa en la misma, (iv) tel\u00e9fono fijo y\/o celular y (v) correo electr\u00f3nico. <\/object><\/p>\n\n\n\n<p><object height=\"0\">En caso de solicitantes de empleo, MGGL recabar\u00e1, adicionalmente: (i) sexo; (ii) fecha de nacimiento; (iii) grado de estudios; (iv) idiomas y nivel; (v) datos curriculares, experiencia profesional, \u00e1reas de pr\u00e1ctica de preferencia; (vi) motivos para trabajar en MGGL; y (vii) curriculum vitae.<\/object><\/p>\n\n\n\n<p>\u200bMedios de obtenci\u00f3n de sus datos personales. MGGL podr\u00e1 obtener sus datos personales a trav\u00e9s del entorno digital como lo es el Sitio Web o comunicaciones electr\u00f3nicas que establezca con la firma, as\u00ed como a trav\u00e9s de correspondencia, tarjetas de presentaci\u00f3n, comunicaciones por tel\u00e9fono, llenado de formularios o solicitudes de empleo que nos haga llegar. Le informamos que MGGL no obtiene datos en forma autom\u00e1tica a trav\u00e9s de cookies o web beacons.<\/p>\n\n\n\n<p>\u200bFinalidad del tratamiento de los datos personales.Los datos personales que recabe MGGL, se administrar\u00e1n y se tratar\u00e1n conforme a la gesti\u00f3n general del despacho con el objetivo de llevar a cabo la prestaci\u00f3n de servicios legales, y tendr\u00e1 como finalidades primarias para su tratamiento las siguientes: (i) establecer contacto con aquellas personas que as\u00ed nos lo hayan solicitado; (ii) responder a una solicitud o informaci\u00f3n para la prestaci\u00f3n de servicios; (iii) dar contestaci\u00f3n a solicitudes de empleo; (iv) dar tr\u00e1mite y seguimiento a los servicios legales que se hayan contratado con MGGL; (v) mantener actualizada la relaci\u00f3n jur\u00eddica que exista entre usted y MGGL; (vi) realizar labores de facturaci\u00f3n, aclaraciones y seguimiento de cobro y (vii) el env\u00edo de notificaciones con respecto a cambios en este Aviso de Privacidad. De igual forma MGGL , podr\u00e1 tratar sus datos personales para las siguientes finalidades secundarias: (i) el env\u00edo de informaci\u00f3n, revistas y noticias legales o de temas que MGGL considere que pueden interesarle, as\u00ed como noticias, comunicaciones o publicidad de MGGL; (ii) el env\u00edo de invitaciones a conferencias, seminarios y eventos culturales o sociales en los que participe MGGL, y\/o (iii) el env\u00edo de comunicaciones e invitaciones para participar en proyectos de MGGL o en proyectos que MGGL, a su juicio, considere que pueden interesarle. <\/p>\n\n\n\n<p>En caso de que usted no desee que tratemos sus datos personales para las finalidades secundarias antes mencionadas, podr\u00e1 manifestar su negativa para tal efecto, comunic\u00e1ndonosla a trav\u00e9s de un correo electr\u00f3nico dirigido a&nbsp;<object height=\"0\">&nbsp;, o a trav\u00e9s de comunicaci\u00f3n escrita dirigida a nuestro domicilio ubicado en Av. Insurgentes sur 730 Piso 12, Col. Del Valle, C.P. 03100 Del. Benito Ju\u00e1rez en la Ciudad de M\u00e9xico, M\u00e9xico. Los datos personales que se recaben, formar\u00e1n parte de una base de datos que permanecer\u00e1 vigente durante aquel periodo que MGGL considere necesario para cumplir las finalidades para las que fueron recabados, una vez concluida \u00e9stas, sus datos se bloquear\u00e1n y cancelar\u00e1n, para su posterior supresi\u00f3n de conformidad con la Ley de Protecci\u00f3n de Datos. Los datos personales que recabe MGGL, no ser\u00e1n transferidos a ning\u00fan tercero, salvo los casos establecidos en la Ley de Protecci\u00f3n de Datos, as\u00ed como su Reglamento o cualquier otra normativa que as\u00ed lo permita. <\/object><\/p>\n\n\n\n<p><object height=\"0\">Medidas de seguridad <\/object><\/p>\n\n\n\n<p><object height=\"0\">MGGL adoptar\u00e1 todas y cada una de las medidas de seguridad administrativas, f\u00edsicas y t\u00e9cnicas necesarias para salvaguardar su informaci\u00f3n personal que voluntariamente usted nos proporcione de cualquier da\u00f1o, p\u00e9rdida, alteraci\u00f3n, destrucci\u00f3n o el uso, acceso o tratamiento no autorizado, por lo que de igual manera y en caso de que un tercero necesite conocer de dicha informaci\u00f3n, MGGL obligar\u00e1 a dichos terceros a cumplir con el presente Aviso de Privacidad, as\u00ed como a adoptar las medidas de seguridad administrativas, f\u00edsicas y t\u00e9cnicas establecidas en el la Ley de Protecci\u00f3n de Datos. <\/object><\/p>\n\n\n\n<p><object height=\"0\">MGGL, incluso con posterioridad a la finalizaci\u00f3n de la relaci\u00f3n que guarde con el titular de los datos personales, se compromete a guardar la confidencialidad de los mismos. Medios para ejercer sus derechos de acceso, rectificaci\u00f3n, cancelaci\u00f3n u oposici\u00f3n al tratamiento de sus datos personales. Usted tiene derecho de acceder a los datos personales que poseemos de usted y a saber los detalles del tratamiento que hacemos de los mismos, as\u00ed como a rectificarlos en caso de ser inexactos, solicitarnos su cancelaci\u00f3n cuando considere que resulten ser excesivos o innecesarios para las finalidades que justificaron su obtenci\u00f3n u oponerse al tratamiento de los mismos para fines espec\u00edficos.<\/object><\/p>\n\n\n\n<p>\u200bCualquier solicitud relativa al ejercicio de sus derechos deber\u00e1 contener lo siguiente: i) su nombre y domicilio para darle respuesta; ii) copia de su credencial de elector, pasaporte, licencia para conducir, c\u00e9dula profesional o cualquier otro documento que acredite su identidad o acredite la personalidad de su representante legal, y en caso que la solicitud se realice a trav\u00e9s del representante legal, acompa\u00f1ar el documento que acredita sus facultades como representante; iii) contener una descripci\u00f3n clara y precisa de los datos personales sobre los que se busca ejercer alguno de los derechos de acceso, rectificaci\u00f3n, cancelaci\u00f3n u oposici\u00f3n al tratamiento; iv) cualquier otro elemento o documento que facilite la localizaci\u00f3n de dichos datos personales, y v) cualquier otro requisito establecido por la Ley de Protecci\u00f3n de Datos, su Reglamento y dem\u00e1s disposiciones aplicables. La solicitud deber\u00e1 ser enviada a trav\u00e9s de un correo electr\u00f3nico dirigido a&nbsp;<object height=\"0\">&nbsp;info@mggl.com.mx, o a trav\u00e9s de comunicaci\u00f3n escrita dirigida a nuestro domicilio ubicado en Av. Insurgentes sur 730 Piso 12, Col. Del valle, C.P. 03100 Del. Benito Ju\u00e1rez en la Ciudad de M\u00e9xico, M\u00e9xico.<\/object><\/p>\n\n\n\n<p>MGGL responder\u00e1 cualquier solicitud completa en un plazo m\u00e1ximo de 20 d\u00edas calendario o el m\u00e1ximo permitido por la ley. La respuesta de MGGL indicar\u00e1 si la solicitud de acceso, rectificaci\u00f3n, cancelaci\u00f3n u oposici\u00f3n es procedente y, en su caso, MGGL har\u00e1 efectiva la determinaci\u00f3n dentro de los 15 d\u00edas calendario siguientes a la fecha en que comunique la respuesta o el m\u00e1ximo permitido por la ley. Los plazos podr\u00e1n ser ampliados en los t\u00e9rminos que se\u00f1ale la ley aplicable. Si usted requiere mayor informaci\u00f3n para el ejercicio de sus derechos de acceso, rectificaci\u00f3n, cancelaci\u00f3n u oposici\u00f3n al tratamiento de sus datos personales, puede ponerse en contacto con nuestro departamento de datos personales al n\u00famero de tel\u00e9fono +52(55) 53406840.<\/p>\n\n\n\n<p>\u200bAsimismo, y en caso de que as\u00ed usted lo requiera, MGGL pondr\u00e1 a su disposici\u00f3n de manera electr\u00f3nica, la relaci\u00f3n de los datos personales que tiene de usted. \u00bfC\u00f3mo puede limitar el uso o divulgaci\u00f3n de sus datos personales? Usted tiene derecho de limitar el uso o divulgaci\u00f3n de sus datos personales para las finalidades que no son necesarias para nuestra relaci\u00f3n jur\u00eddica, por lo que si usted desea ya no recibir informaci\u00f3n, art\u00edculos y\/o noticias por parte de MGGL, por favor comunic\u00e1ndonosla a trav\u00e9s de un correo electr\u00f3nico dirigido a\u00a0<object height=\"0\">, o a trav\u00e9s de comunicaci\u00f3n escrita dirigida a nuestro domicilio ubicado en Av. Insurgentes sur 730 Piso 12, Col. Del valle, C.P. 03100 Del. Benito Ju\u00e1rez en la Ciudad de M\u00e9xico, M\u00e9xico, indicando dicha situaci\u00f3n con el fin de que se proceda a inscribirle en un listado de exclusi\u00f3n del cual se le otorgar\u00e1 una constancia electr\u00f3nica o f\u00edsica, seg\u00fan nos lo solicite. De la misma manera, se hace de su conocimiento que tiene derecho a impedir que lo contactemos por tel\u00e9fono para temas de publicidad inscribi\u00e9ndose al Registro P\u00fablico de Consumidores de la Procuradur\u00eda Federal del Consumidor. Para mayor informaci\u00f3n, consulte\u00a0<object height=\"0\">\u00a0o llame al 01800 962 8000.<\/p>\n\n\n\n<p>\u200bTransferencia de los datos personales Los datos personales que sean recabados por MGGL, no ser\u00e1n cedidos, vendidos, compartidos o transferidos, salvo cuando sea necesario en los casos previstos en la Ley de Protecci\u00f3n de Datos o su Reglamento. Sin embargo, MGGL se reserva el derecho de compartir sus datos personales con los empleados y socios del despacho o con terceros que traten sus datos personales por cuenta de MGGL y sujetos a este Aviso de Privacidad y a las instrucciones de MGGL, incluyendo sociedades dedicadas a la prestaci\u00f3n de servicios legales en M\u00e9xico o en el extranjero que trabajen en forma conjunta con MGGL, notarios y corredores p\u00fablicos o empresas de tecnolog\u00eda de la informaci\u00f3n que le presten servicios inform\u00e1ticos a MGGL. Cabe destacar, que todas aquellas terceras personas que traten sus datos personales, lo har\u00e1n por cuenta de MGGL y se encontrar\u00e1n sujetas en todo momento a lo estipulado en el presente Aviso de Privacidad.<\/p>\n\n\n\n<p>\u200bSitios web que no corresponden a MGGL. El Sitio web de MGGL, puede contener links o enlaces a sitios web externos que no corresponden a MGGL y, por tanto, no guardan relaci\u00f3n alguna con MGGL. Se recomienda revisar y leer las pol\u00edticas de privacidad, as\u00ed como los t\u00e9rminos de uso de dichos sitios web externos antes de hacer uso de los mismos. Modificaciones al Aviso de Privacidad. El uso del sitio web de MGGL implica su reconocimiento, y aceptaci\u00f3n del presente Aviso de Privacidad, el cual contendr\u00e1 en su parte final la fecha de su \u00faltima modificaci\u00f3n. En relaci\u00f3n con lo anterior MGGL se reserva el derecho a modificar los t\u00e9rminos y condiciones de este Aviso de Privacidad, acci\u00f3n que ser\u00e1 publicada a trav\u00e9s de nuestro sitio web:\u00a0<object height=\"0\">\u00a0al que tendr\u00e1 acceso cualquier persona que se encuentre interesada.<\/p>\n\n\n\n<p>\u200b\u00bfAnte qui\u00e9n puede presentar sus quejas y denuncias por el tratamiento indebido de sus datos personales?<\/p>\n\n\n\n<p>\u200bSi usted considera que su derecho de protecci\u00f3n de datos personales ha sido lesionado por alguna conducta de nuestros empleados o de nuestras actuaciones o respuestas; si usted presume que en el tratamiento de sus datos personales existe alguna violaci\u00f3n a las disposiciones previstas en la Ley Federal de Protecci\u00f3n de Datos Personales en Posesi\u00f3n de los Particulares, podr\u00e1 interponer la queja o denuncia correspondiente ante el Instituto Federal de Acceso a la Informaci\u00f3n y Protecci\u00f3n de Datos, para mayor informaci\u00f3n visite&nbsp;<object height=\"0\">.<p><\/p><\/object><\/p>\n\n\n\n<p>\u200bEste Aviso de Privacidad se rige por la Ley de Protecci\u00f3n de Datos, su Reglamento y dem\u00e1s ordenamientos aplicables en los Estados Unidos Mexicanos y su aceptaci\u00f3n, implica su sometimiento expreso a los tribunales de la Ciudad de M\u00e9xico, Distrito Federal, ante cualquier controversia o reclamaci\u00f3n derivada del mismo.<\/p>\n\n\n\n<p>\u200b<em>\u00daltima actualizaci\u00f3n: 16 de julio del 2018.<\/em><\/p>","protected":false},"excerpt":{"rendered":"<p>Por favor, lea cuidadosamente los t\u00e9rminos siguientes antes de compartir cualquier dato o informaci\u00f3n con nosotros. \u200bDe conformidad con lo establecido por la Ley Federal de Protecci\u00f3n de Datos Personales en Posesi\u00f3n de los Particulares (en adelante \u201cLey de Protecci\u00f3n de Datos\u201d), su Reglamento, y con el fin de garantizar la privacidad y el derecho [&hellip;]<\/p>","protected":false},"author":2,"featured_media":0,"parent":0,"menu_order":0,"comment_status":"closed","ping_status":"closed","template":"","meta":{"footnotes":""},"class_list":["post-406","page","type-page","status-publish","hentry"],"acf":[],"yoast_head":"<!-- This site is optimized with the Yoast SEO plugin v26.9 - https:\/\/yoast.com\/product\/yoast-seo-wordpress\/ -->\n<title>Aviso de Privacidad - MGGL<\/title>\n<meta name=\"robots\" content=\"index, follow, max-snippet:-1, max-image-preview:large, max-video-preview:-1\" \/>\n<link rel=\"canonical\" href=\"https:\/\/www.mggl.com.mx\/eng\/aviso-de-privacidad\/\" \/>\n<meta property=\"og:locale\" content=\"en_US\" \/>\n<meta property=\"og:type\" content=\"article\" \/>\n<meta property=\"og:title\" content=\"Aviso de Privacidad - MGGL\" \/>\n<meta property=\"og:description\" content=\"Por favor, lea cuidadosamente los t\u00e9rminos siguientes antes de compartir cualquier dato o informaci\u00f3n con nosotros. \u200bDe conformidad con lo establecido por la Ley Federal de Protecci\u00f3n de Datos Personales en Posesi\u00f3n de los Particulares (en adelante \u201cLey de Protecci\u00f3n de Datos\u201d), su Reglamento, y con el fin de garantizar la privacidad y el derecho [&hellip;]\" \/>\n<meta property=\"og:url\" content=\"https:\/\/www.mggl.com.mx\/eng\/aviso-de-privacidad\/\" \/>\n<meta property=\"og:site_name\" content=\"MGGL\" \/>\n<meta property=\"article:modified_time\" content=\"2021-05-31T17:19:41+00:00\" \/>\n<meta name=\"twitter:card\" content=\"summary_large_image\" \/>\n<meta name=\"twitter:label1\" content=\"Est. reading time\" \/>\n\t<meta name=\"twitter:data1\" content=\"10 minutes\" \/>\n<script type=\"application\/ld+json\" class=\"yoast-schema-graph\">{\"@context\":\"https:\/\/schema.org\",\"@graph\":[{\"@type\":\"WebPage\",\"@id\":\"https:\/\/www.mggl.com.mx\/aviso-de-privacidad\/\",\"url\":\"https:\/\/www.mggl.com.mx\/aviso-de-privacidad\/\",\"name\":\"Aviso de Privacidad - MGGL\",\"isPartOf\":{\"@id\":\"https:\/\/www.mggl.com.mx\/#website\"},\"datePublished\":\"2021-05-31T12:18:12+00:00\",\"dateModified\":\"2021-05-31T17:19:41+00:00\",\"breadcrumb\":{\"@id\":\"https:\/\/www.mggl.com.mx\/aviso-de-privacidad\/#breadcrumb\"},\"inLanguage\":\"en-US\",\"potentialAction\":[{\"@type\":\"ReadAction\",\"target\":[\"https:\/\/www.mggl.com.mx\/aviso-de-privacidad\/\"]}]},{\"@type\":\"BreadcrumbList\",\"@id\":\"https:\/\/www.mggl.com.mx\/aviso-de-privacidad\/#breadcrumb\",\"itemListElement\":[{\"@type\":\"ListItem\",\"position\":1,\"name\":\"Inicio\",\"item\":\"https:\/\/www.mggl.com.mx\/\"},{\"@type\":\"ListItem\",\"position\":2,\"name\":\"Aviso de Privacidad\"}]},{\"@type\":\"WebSite\",\"@id\":\"https:\/\/www.mggl.com.mx\/#website\",\"url\":\"https:\/\/www.mggl.com.mx\/\",\"name\":\"MGGL\",\"description\":\"Abogados\",\"potentialAction\":[{\"@type\":\"SearchAction\",\"target\":{\"@type\":\"EntryPoint\",\"urlTemplate\":\"https:\/\/www.mggl.com.mx\/?s={search_term_string}\"},\"query-input\":{\"@type\":\"PropertyValueSpecification\",\"valueRequired\":true,\"valueName\":\"search_term_string\"}}],\"inLanguage\":\"en-US\"}]}<\/script>\n<!-- \/ Yoast SEO plugin. -->","yoast_head_json":{"title":"Aviso de Privacidad - MGGL","robots":{"index":"index","follow":"follow","max-snippet":"max-snippet:-1","max-image-preview":"max-image-preview:large","max-video-preview":"max-video-preview:-1"},"canonical":"https:\/\/www.mggl.com.mx\/eng\/aviso-de-privacidad\/","og_locale":"en_US","og_type":"article","og_title":"Aviso de Privacidad - MGGL","og_description":"Por favor, lea cuidadosamente los t\u00e9rminos siguientes antes de compartir cualquier dato o informaci\u00f3n con nosotros. \u200bDe conformidad con lo establecido por la Ley Federal de Protecci\u00f3n de Datos Personales en Posesi\u00f3n de los Particulares (en adelante \u201cLey de Protecci\u00f3n de Datos\u201d), su Reglamento, y con el fin de garantizar la privacidad y el derecho [&hellip;]","og_url":"https:\/\/www.mggl.com.mx\/eng\/aviso-de-privacidad\/","og_site_name":"MGGL","article_modified_time":"2021-05-31T17:19:41+00:00","twitter_card":"summary_large_image","twitter_misc":{"Est. reading time":"10 minutes"},"schema":{"@context":"https:\/\/schema.org","@graph":[{"@type":"WebPage","@id":"https:\/\/www.mggl.com.mx\/aviso-de-privacidad\/","url":"https:\/\/www.mggl.com.mx\/aviso-de-privacidad\/","name":"Aviso de Privacidad - MGGL","isPartOf":{"@id":"https:\/\/www.mggl.com.mx\/#website"},"datePublished":"2021-05-31T12:18:12+00:00","dateModified":"2021-05-31T17:19:41+00:00","breadcrumb":{"@id":"https:\/\/www.mggl.com.mx\/aviso-de-privacidad\/#breadcrumb"},"inLanguage":"en-US","potentialAction":[{"@type":"ReadAction","target":["https:\/\/www.mggl.com.mx\/aviso-de-privacidad\/"]}]},{"@type":"BreadcrumbList","@id":"https:\/\/www.mggl.com.mx\/aviso-de-privacidad\/#breadcrumb","itemListElement":[{"@type":"ListItem","position":1,"name":"Inicio","item":"https:\/\/www.mggl.com.mx\/"},{"@type":"ListItem","position":2,"name":"Aviso de Privacidad"}]},{"@type":"WebSite","@id":"https:\/\/www.mggl.com.mx\/#website","url":"https:\/\/www.mggl.com.mx\/","name":"MGGL","description":"Abogados","potentialAction":[{"@type":"SearchAction","target":{"@type":"EntryPoint","urlTemplate":"https:\/\/www.mggl.com.mx\/?s={search_term_string}"},"query-input":{"@type":"PropertyValueSpecification","valueRequired":true,"valueName":"search_term_string"}}],"inLanguage":"en-US"}]}},"_links":{"self":[{"href":"https:\/\/www.mggl.com.mx\/eng\/wp-json\/wp\/v2\/pages\/406","targetHints":{"allow":["GET"]}}],"collection":[{"href":"https:\/\/www.mggl.com.mx\/eng\/wp-json\/wp\/v2\/pages"}],"about":[{"href":"https:\/\/www.mggl.com.mx\/eng\/wp-json\/wp\/v2\/types\/page"}],"author":[{"embeddable":true,"href":"https:\/\/www.mggl.com.mx\/eng\/wp-json\/wp\/v2\/users\/2"}],"replies":[{"embeddable":true,"href":"https:\/\/www.mggl.com.mx\/eng\/wp-json\/wp\/v2\/comments?post=406"}],"version-history":[{"count":7,"href":"https:\/\/www.mggl.com.mx\/eng\/wp-json\/wp\/v2\/pages\/406\/revisions"}],"predecessor-version":[{"id":461,"href":"https:\/\/www.mggl.com.mx\/eng\/wp-json\/wp\/v2\/pages\/406\/revisions\/461"}],"wp:attachment":[{"href":"https:\/\/www.mggl.com.mx\/eng\/wp-json\/wp\/v2\/media?parent=406"}],"curies":[{"name":"wp","href":"https:\/\/api.w.org\/{rel}","templated":true}]}}